{"id":5385,"date":"2025-03-05T23:19:52","date_gmt":"2025-03-05T22:19:52","guid":{"rendered":"https:\/\/inventi.pl\/?page_id=5385"},"modified":"2025-03-05T23:26:18","modified_gmt":"2025-03-05T22:26:18","slug":"access-denied","status":"publish","type":"page","link":"https:\/\/inventi.pl\/en\/access-denied\/","title":{"rendered":"access denied"},"content":{"rendered":"<div data-elementor-type=\"wp-page\" data-elementor-id=\"5385\" class=\"elementor elementor-5385\" data-elementor-post-type=\"page\">\n\t\t\t\t<div class=\"elementor-element elementor-element-4d93940 e-flex e-con-boxed e-con e-parent\" data-id=\"4d93940\" data-element_type=\"container\" data-e-type=\"container\">\n\t\t\t\t\t<div class=\"e-con-inner\">\n\t\t<div class=\"elementor-element elementor-element-e31d679 e-con-full e-flex e-con e-child\" data-id=\"e31d679\" data-element_type=\"container\" data-e-type=\"container\">\n\t\t\t\t<div class=\"elementor-element elementor-element-d52bf0e elementor-widget elementor-widget-html\" data-id=\"d52bf0e\" data-element_type=\"widget\" data-e-type=\"widget\" data-widget_type=\"html.default\">\n\t\t\t\t<div class=\"elementor-widget-container\">\n\t\t\t\t\t<script src=\"https:\/\/unpkg.com\/@dotlottie\/player-component@2.7.12\/dist\/dotlottie-player.mjs\" type=\"module\"><\/script>\r\n\r\n<style>\r\n  .lottie-container {\r\n    width: 100%;\r\n    max-width: 600px; \/* Adjust this max-width as needed *\/\r\n    height: auto;\r\n  }\r\n\r\n  dotlottie-player {\r\n    width: 100%;\r\n    height: auto;\r\n  }\r\n<\/style>\r\n\r\n<div class=\"lottie-container\">\r\n  <dotlottie-player \r\n     src=\"https:\/\/lottie.host\/ec7cac70-c71e-49f1-ab84-0a537ae4ca3b\/8mx4nUGEgo.lottie\"  \r\n    background=\"transparent\" \r\n    speed=\"1\" \r\n    loop autoplay>\r\n  <\/dotlottie-player>\r\n<\/div>\r\n\r\n   \r\n\r\n\t\t\t\t<\/div>\n\t\t\t\t<\/div>\n\t\t\t\t<\/div>\n\t\t<div class=\"elementor-element elementor-element-9508fc7 e-con-full e-flex e-con e-child\" data-id=\"9508fc7\" data-element_type=\"container\" data-e-type=\"container\">\n\t\t\t\t<div class=\"elementor-element elementor-element-09ae7c4 elementor-widget elementor-widget-heading\" data-id=\"09ae7c4\" data-element_type=\"widget\" data-e-type=\"widget\" data-widget_type=\"heading.default\">\n\t\t\t\t<div class=\"elementor-widget-container\">\n\t\t\t\t\t<h2 class=\"elementor-heading-title elementor-size-default\">Przepraszamy \ud83d\ude41<\/h2>\t\t\t\t<\/div>\n\t\t\t\t<\/div>\n\t\t\t\t<div class=\"elementor-element elementor-element-a63a0c7 elementor-widget elementor-widget-heading\" data-id=\"a63a0c7\" data-element_type=\"widget\" data-e-type=\"widget\" data-widget_type=\"heading.default\">\n\t\t\t\t<div class=\"elementor-widget-container\">\n\t\t\t\t\t<h2 class=\"elementor-heading-title elementor-size-default\">Dost\u0119p do strony, kt\u00f3r\u0105 chcesz odwiedzi\u0107 jest ograniczony.<\/h2>\t\t\t\t<\/div>\n\t\t\t\t<\/div>\n\t\t\t\t<div class=\"elementor-element elementor-element-2b181be elementor-widget elementor-widget-html\" data-id=\"2b181be\" data-element_type=\"widget\" data-e-type=\"widget\" data-widget_type=\"html.default\">\n\t\t\t\t<div class=\"elementor-widget-container\">\n\t\t\t\t\t<p class=\"timer\">Przekierowuj\u0119 na stron\u0119 g\u0142\u00f3wn\u0105 za  <span id=\"countdown\">6<\/span> s.<\/p>\r\n\r\n<script>\r\nlet count = 6;\r\nconst countdownElement = document.getElementById('countdown');\r\n\r\nif (!window.location.href.includes(\"elementor\")) {\r\n    const countdown = setInterval(() => {\r\n        count--;\r\n        countdownElement.textContent = count;\r\n\r\n        \/\/ Restart animation properly\r\n        countdownElement.style.animation = \"none\"; \/\/ Reset animation\r\n        void countdownElement.offsetWidth; \/\/ Forces reflow\r\n        countdownElement.style.animation = \"countdownAnimation 0.6s ease-in-out\"; \/\/ Correct animation name\r\n\r\n        if (count === 0) {\r\n            clearInterval(countdown);\r\n            window.location.href = \"https:\/\/inventi.pl\";\r\n        }\r\n    }, 1000);\r\n}\r\n\r\n<\/script>\r\n\r\n<style>\r\n.timer {\r\n    font-size: 20px;\r\n    font-weight: 600;\r\n    font-family: \"Poppins\"; \r\n    padding: 0px;\r\n    color: darkorange;\r\n}\r\n\r\n#countdown {\r\n    font-size: 24px;\r\n    font-weight: 700;\r\n    font-family: \"Poppins\", sans-serif;\r\n    width: 30px; \/* Fixed width to prevent resizing *\/\r\n    height: 40px; \/* Fixed height to ensure consistency *\/\r\n    line-height: 40px; \/* Aligns number vertically *\/\r\n    text-align: center;\r\n    color: white;\r\n    background-color: darkorange;\r\n    border-radius: 12px;\r\n    display: inline-flex;\r\n    justify-content: center;\r\n    align-items: center;\r\n    transition: transform 0.3s ease-in-out;\r\n}\r\n\r\n\/* Corrected animation name *\/\r\n@keyframes countdownAnimation {\r\n    0% { transform: scale(1) rotate(0deg); background-color: darkorange; }\r\n    30% { transform: scale(1.3) rotate(-10deg); background-color: #158dfd; }\r\n    70% { transform: scale(1.2) rotate(10deg); background-color: #158dfd; }\r\n    100% { transform: scale(1) rotate(0deg); background-color: darkorange; }\r\n}\r\n<\/style>\r\n\t\t\t\t<\/div>\n\t\t\t\t<\/div>\n\t\t\t\t<\/div>\n\t\t\t\t\t<\/div>\n\t\t\t\t<\/div>\n\t\t<div class=\"elementor-element elementor-element-e0cac73 e-flex e-con-boxed e-con e-parent\" data-id=\"e0cac73\" data-element_type=\"container\" data-e-type=\"container\">\n\t\t\t\t\t<div class=\"e-con-inner\">\n\t\t\t\t\t<\/div>\n\t\t\t\t<\/div>\n\t\t\t\t<\/div>","protected":false},"excerpt":{"rendered":"<p>Przepraszamy \ud83d\ude41 Dost\u0119p do strony, kt\u00f3r\u0105 chcesz odwiedzi\u0107 jest ograniczony. Przekierowuj\u0119 na stron\u0119 g\u0142\u00f3wn\u0105 za 6 s.<\/p>","protected":false},"author":1,"featured_media":0,"parent":0,"menu_order":0,"comment_status":"closed","ping_status":"closed","template":"elementor_canvas","meta":{"_acf_changed":false,"footnotes":""},"class_list":["post-5385","page","type-page","status-publish","hentry"],"acf":[],"yoast_head":"<!-- This site is optimized with the Yoast SEO plugin v27.5 - https:\/\/yoast.com\/product\/yoast-seo-wordpress\/ -->\n<title>access denied &#060; Szkolenia i strategie rozwojowe dla klient\u00f3w korporacyjnych od 2006 r.<\/title>\n<meta name=\"robots\" content=\"index, follow, max-snippet:-1, max-image-preview:large, max-video-preview:-1\" \/>\n<link rel=\"canonical\" href=\"https:\/\/inventi.pl\/en\/access-denied\/\" \/>\n<meta property=\"og:locale\" content=\"en_US\" \/>\n<meta property=\"og:type\" content=\"article\" \/>\n<meta property=\"og:title\" content=\"access denied &#060; Szkolenia i strategie rozwojowe dla klient\u00f3w korporacyjnych od 2006 r.\" \/>\n<meta property=\"og:description\" content=\"Przepraszamy \ud83d\ude41 Dost\u0119p do strony, kt\u00f3r\u0105 chcesz odwiedzi\u0107 jest ograniczony. Przekierowuj\u0119 na stron\u0119 g\u0142\u00f3wn\u0105 za 6 s.\" \/>\n<meta property=\"og:url\" content=\"https:\/\/inventi.pl\/en\/access-denied\/\" \/>\n<meta property=\"og:site_name\" content=\"Szkolenia i strategie rozwojowe dla klient\u00f3w korporacyjnych od 2006 r.\" \/>\n<meta property=\"article:publisher\" content=\"https:\/\/www.facebook.com\/Inventi.szkolenia\" \/>\n<meta property=\"article:modified_time\" content=\"2025-03-05T22:26:18+00:00\" \/>\n<meta name=\"twitter:card\" content=\"summary_large_image\" \/>\n<meta name=\"twitter:label1\" content=\"Est. reading time\" \/>\n\t<meta name=\"twitter:data1\" content=\"1 minute\" \/>\n<script type=\"application\/ld+json\" class=\"yoast-schema-graph\">{\"@context\":\"https:\\\/\\\/schema.org\",\"@graph\":[{\"@type\":\"WebPage\",\"@id\":\"https:\\\/\\\/inventi.pl\\\/access-denied\\\/\",\"url\":\"https:\\\/\\\/inventi.pl\\\/access-denied\\\/\",\"name\":\"access denied &#060; Szkolenia i strategie rozwojowe dla klient\u00f3w korporacyjnych od 2006 r.\",\"isPartOf\":{\"@id\":\"https:\\\/\\\/inventi.pl\\\/#website\"},\"datePublished\":\"2025-03-05T22:19:52+00:00\",\"dateModified\":\"2025-03-05T22:26:18+00:00\",\"breadcrumb\":{\"@id\":\"https:\\\/\\\/inventi.pl\\\/access-denied\\\/#breadcrumb\"},\"inLanguage\":\"en-US\",\"potentialAction\":[{\"@type\":\"ReadAction\",\"target\":[\"https:\\\/\\\/inventi.pl\\\/access-denied\\\/\"]}]},{\"@type\":\"BreadcrumbList\",\"@id\":\"https:\\\/\\\/inventi.pl\\\/access-denied\\\/#breadcrumb\",\"itemListElement\":[{\"@type\":\"ListItem\",\"position\":1,\"name\":\"Home\",\"item\":\"https:\\\/\\\/inventi.pl\\\/\"},{\"@type\":\"ListItem\",\"position\":2,\"name\":\"access denied\"}]},{\"@type\":\"WebSite\",\"@id\":\"https:\\\/\\\/inventi.pl\\\/#website\",\"url\":\"https:\\\/\\\/inventi.pl\\\/\",\"name\":\"Szkolenia i strategie rozwojowe dla klient\u00f3w korporacyjnych od 2006 r.\",\"description\":\"Szkolenia i strategie rozwojowe dla klient\u00f3w korporacyjnych od 2006 r.\",\"publisher\":{\"@id\":\"https:\\\/\\\/inventi.pl\\\/#organization\"},\"potentialAction\":[{\"@type\":\"SearchAction\",\"target\":{\"@type\":\"EntryPoint\",\"urlTemplate\":\"https:\\\/\\\/inventi.pl\\\/?s={search_term_string}\"},\"query-input\":{\"@type\":\"PropertyValueSpecification\",\"valueRequired\":true,\"valueName\":\"search_term_string\"}}],\"inLanguage\":\"en-US\"},{\"@type\":\"Organization\",\"@id\":\"https:\\\/\\\/inventi.pl\\\/#organization\",\"name\":\"INVENTI Consulting\",\"url\":\"https:\\\/\\\/inventi.pl\\\/\",\"logo\":{\"@type\":\"ImageObject\",\"inLanguage\":\"en-US\",\"@id\":\"https:\\\/\\\/inventi.pl\\\/#\\\/schema\\\/logo\\\/image\\\/\",\"url\":\"https:\\\/\\\/inventi.pl\\\/wp-content\\\/uploads\\\/2017\\\/07\\\/logo.png\",\"contentUrl\":\"https:\\\/\\\/inventi.pl\\\/wp-content\\\/uploads\\\/2017\\\/07\\\/logo.png\",\"width\":1626,\"height\":694,\"caption\":\"INVENTI Consulting\"},\"image\":{\"@id\":\"https:\\\/\\\/inventi.pl\\\/#\\\/schema\\\/logo\\\/image\\\/\"},\"sameAs\":[\"https:\\\/\\\/www.facebook.com\\\/Inventi.szkolenia\",\"https:\\\/\\\/www.linkedin.com\\\/company\\\/inventiconsulting\\\/\"]}]}<\/script>\n<!-- \/ Yoast SEO plugin. -->","yoast_head_json":{"title":"access denied &#060; Szkolenia i strategie rozwojowe dla klient\u00f3w korporacyjnych od 2006 r.","robots":{"index":"index","follow":"follow","max-snippet":"max-snippet:-1","max-image-preview":"max-image-preview:large","max-video-preview":"max-video-preview:-1"},"canonical":"https:\/\/inventi.pl\/en\/access-denied\/","og_locale":"en_US","og_type":"article","og_title":"access denied &#060; Szkolenia i strategie rozwojowe dla klient\u00f3w korporacyjnych od 2006 r.","og_description":"Przepraszamy \ud83d\ude41 Dost\u0119p do strony, kt\u00f3r\u0105 chcesz odwiedzi\u0107 jest ograniczony. Przekierowuj\u0119 na stron\u0119 g\u0142\u00f3wn\u0105 za 6 s.","og_url":"https:\/\/inventi.pl\/en\/access-denied\/","og_site_name":"Szkolenia i strategie rozwojowe dla klient\u00f3w korporacyjnych od 2006 r.","article_publisher":"https:\/\/www.facebook.com\/Inventi.szkolenia","article_modified_time":"2025-03-05T22:26:18+00:00","twitter_card":"summary_large_image","twitter_misc":{"Est. reading time":"1 minute"},"schema":{"@context":"https:\/\/schema.org","@graph":[{"@type":"WebPage","@id":"https:\/\/inventi.pl\/access-denied\/","url":"https:\/\/inventi.pl\/access-denied\/","name":"access denied &#060; Szkolenia i strategie rozwojowe dla klient\u00f3w korporacyjnych od 2006 r.","isPartOf":{"@id":"https:\/\/inventi.pl\/#website"},"datePublished":"2025-03-05T22:19:52+00:00","dateModified":"2025-03-05T22:26:18+00:00","breadcrumb":{"@id":"https:\/\/inventi.pl\/access-denied\/#breadcrumb"},"inLanguage":"en-US","potentialAction":[{"@type":"ReadAction","target":["https:\/\/inventi.pl\/access-denied\/"]}]},{"@type":"BreadcrumbList","@id":"https:\/\/inventi.pl\/access-denied\/#breadcrumb","itemListElement":[{"@type":"ListItem","position":1,"name":"Home","item":"https:\/\/inventi.pl\/"},{"@type":"ListItem","position":2,"name":"access denied"}]},{"@type":"WebSite","@id":"https:\/\/inventi.pl\/#website","url":"https:\/\/inventi.pl\/","name":"Szkolenia i strategie rozwojowe dla klient\u00f3w korporacyjnych od 2006 r.","description":"Szkolenia i strategie rozwojowe dla klient\u00f3w korporacyjnych od 2006 r.","publisher":{"@id":"https:\/\/inventi.pl\/#organization"},"potentialAction":[{"@type":"SearchAction","target":{"@type":"EntryPoint","urlTemplate":"https:\/\/inventi.pl\/?s={search_term_string}"},"query-input":{"@type":"PropertyValueSpecification","valueRequired":true,"valueName":"search_term_string"}}],"inLanguage":"en-US"},{"@type":"Organization","@id":"https:\/\/inventi.pl\/#organization","name":"INVENTI Consulting","url":"https:\/\/inventi.pl\/","logo":{"@type":"ImageObject","inLanguage":"en-US","@id":"https:\/\/inventi.pl\/#\/schema\/logo\/image\/","url":"https:\/\/inventi.pl\/wp-content\/uploads\/2017\/07\/logo.png","contentUrl":"https:\/\/inventi.pl\/wp-content\/uploads\/2017\/07\/logo.png","width":1626,"height":694,"caption":"INVENTI Consulting"},"image":{"@id":"https:\/\/inventi.pl\/#\/schema\/logo\/image\/"},"sameAs":["https:\/\/www.facebook.com\/Inventi.szkolenia","https:\/\/www.linkedin.com\/company\/inventiconsulting\/"]}]}},"_links":{"self":[{"href":"https:\/\/inventi.pl\/en\/wp-json\/wp\/v2\/pages\/5385","targetHints":{"allow":["GET"]}}],"collection":[{"href":"https:\/\/inventi.pl\/en\/wp-json\/wp\/v2\/pages"}],"about":[{"href":"https:\/\/inventi.pl\/en\/wp-json\/wp\/v2\/types\/page"}],"author":[{"embeddable":true,"href":"https:\/\/inventi.pl\/en\/wp-json\/wp\/v2\/users\/1"}],"replies":[{"embeddable":true,"href":"https:\/\/inventi.pl\/en\/wp-json\/wp\/v2\/comments?post=5385"}],"version-history":[{"count":16,"href":"https:\/\/inventi.pl\/en\/wp-json\/wp\/v2\/pages\/5385\/revisions"}],"predecessor-version":[{"id":5406,"href":"https:\/\/inventi.pl\/en\/wp-json\/wp\/v2\/pages\/5385\/revisions\/5406"}],"wp:attachment":[{"href":"https:\/\/inventi.pl\/en\/wp-json\/wp\/v2\/media?parent=5385"}],"curies":[{"name":"wp","href":"https:\/\/api.w.org\/{rel}","templated":true}]}}