{"id":9009,"date":"2025-10-10T15:51:47","date_gmt":"2025-10-10T13:51:47","guid":{"rendered":"https:\/\/inventi.pl\/?page_id=9009"},"modified":"2025-11-13T13:22:48","modified_gmt":"2025-11-13T12:22:48","slug":"success","status":"publish","type":"page","link":"https:\/\/inventi.pl\/en\/success\/","title":{"rendered":"success"},"content":{"rendered":"<div data-elementor-type=\"wp-page\" data-elementor-id=\"9009\" class=\"elementor elementor-9009\" data-elementor-post-type=\"page\">\n\t\t\t\t<div class=\"elementor-element elementor-element-09e715a e-flex e-con-boxed e-con e-parent\" data-id=\"09e715a\" data-element_type=\"container\" data-e-type=\"container\">\n\t\t\t\t\t<div class=\"e-con-inner\">\n\t\t<div class=\"elementor-element elementor-element-227e356 e-flex e-con-boxed e-con e-child\" data-id=\"227e356\" data-element_type=\"container\" data-e-type=\"container\">\n\t\t\t\t\t<div class=\"e-con-inner\">\n\t\t\t\t<div class=\"elementor-element elementor-element-9bbef76 elementor-widget elementor-widget-html\" data-id=\"9bbef76\" data-element_type=\"widget\" data-e-type=\"widget\" data-widget_type=\"html.default\">\n\t\t\t\t<div class=\"elementor-widget-container\">\n\t\t\t\t\t<script>\r\njQuery(document).ready(function($) {\r\n    \/\/ Use Elementor's proper edit mode detection\r\n    const isEditMode = typeof elementorFrontend !== 'undefined' && elementorFrontend.isEditMode();\r\n    \r\n    \/\/ Get session_id from URL\r\n    const urlParams = new URLSearchParams(window.location.search);\r\n    const sessionId = urlParams.get('session_id');\r\n    \r\n    \/\/ Redirect if no session_id and not in edit mode\r\n    if (!isEditMode && !sessionId) {\r\n        \/\/ Uncomment to enable redirect:\r\n        \/\/ window.location.href = '\/';\r\n        console.log('No session_id found, should redirect');\r\n        return;\r\n    }\r\n    \r\n    \/\/ In edit mode, show placeholder text\r\n    if (isEditMode) {\r\n        $('#email-placeholder').html('<span style=\"color: #999;\">[Email zostanie wy\u015bwietlony po zakupie]<\/span>');\r\n        return;\r\n    }\r\n    \r\n    \/\/ Normal mode: fetch email from Stripe session\r\n    if (sessionId) {\r\n        console.log('Session ID found:', sessionId);\r\n        \r\n        \/\/ Show loading state\r\n        $('#email-placeholder').html('<span style=\"color: #999;\">\u0141adowanie adresu email...<\/span>');\r\n        \r\n        \/\/ AJAX request to retrieve email from Stripe session\r\n        $.ajax({\r\n            url: '\/wp-admin\/admin-ajax.php',\r\n            type: 'POST',\r\n            dataType: 'json',\r\n            data: {\r\n                action: 'retrieve_email_from_session',\r\n                session_id: sessionId\r\n            },\r\n            success: function(response) {\r\n                console.log('AJAX response:', response);\r\n                \r\n                if (response.success && response.data.email) {\r\n                    var email = response.data.email;\r\n                    var placeholderText = 'Tw\u00f3j email podany przy zakupie to: <span style=\"color:#0072a5; font-weight:600;\">' + email + '<\/span><br>Je\u015bli nie jest poprawny, skontaktuj si\u0119 z nami!';\r\n                    $('#email-placeholder').html(placeholderText);\r\n                } else {\r\n                    console.error('No email received:', response);\r\n                    $('#email-placeholder').html('<span style=\"color: red;\">Nie uda\u0142o si\u0119 pobra\u0107 adresu email. Skontaktuj si\u0119 z nami.<\/span>');\r\n                }\r\n            },\r\n            error: function(jqXHR, textStatus, errorThrown) {\r\n                console.error('AJAX error details:');\r\n                console.error('Status:', jqXHR.status);\r\n                console.error('Response Text:', jqXHR.responseText);\r\n                console.error('Text Status:', textStatus);\r\n                console.error('Error Thrown:', errorThrown);\r\n                \r\n                $('#email-placeholder').html('<span style=\"color: red;\">Wyst\u0105pi\u0142 b\u0142\u0105d. Skontaktuj si\u0119 z nami pod adresem hello@inventi.pl<\/span>');\r\n            },\r\n            timeout: 10000\r\n        });\r\n    }\r\n    \r\n    \/\/ VAT ID formatting\r\n    $('#form-field-vat_id').on('input', function() {\r\n        var sanitizedValue = $(this).val().replace(\/\\D\/g, '');\r\n        \r\n        if (sanitizedValue.length > 10) {\r\n            sanitizedValue = sanitizedValue.slice(0, 10);\r\n        }\r\n        \r\n        if (sanitizedValue.startsWith('PL')) {\r\n            sanitizedValue = sanitizedValue.substring(2);\r\n        }\r\n        \r\n        sanitizedValue = 'PL' + sanitizedValue;\r\n        \r\n        if (sanitizedValue.length > 12) {\r\n            sanitizedValue = sanitizedValue.slice(0, 12);\r\n        }\r\n        \r\n        $(this).val(sanitizedValue);\r\n    });\r\n});\r\n<\/script>\t\t\t\t<\/div>\n\t\t\t\t<\/div>\n\t\t\t\t<div class=\"elementor-element elementor-element-9a6c292 elementor-widget elementor-widget-heading\" data-id=\"9a6c292\" data-element_type=\"widget\" data-e-type=\"widget\" data-widget_type=\"heading.default\">\n\t\t\t\t<div class=\"elementor-widget-container\">\n\t\t\t\t\t<h2 class=\"elementor-heading-title elementor-size-default\">P\u0142atno\u015b\u0107 zako\u0144czona powodzeniem. \n<\/h2>\t\t\t\t<\/div>\n\t\t\t\t<\/div>\n\t\t\t\t<div class=\"elementor-element elementor-element-2c4e2a7 elementor-widget elementor-widget-image\" data-id=\"2c4e2a7\" data-element_type=\"widget\" data-e-type=\"widget\" data-widget_type=\"image.default\">\n\t\t\t\t<div class=\"elementor-widget-container\">\n\t\t\t\t\t\t\t\t\t\t\t\t\t\t\t<img decoding=\"async\" src=\"https:\/\/inventi.pl\/wp-content\/uploads\/elementor\/thumbs\/apteczka-logo-rcbooh833u3bvcyn6tckg7c27suw5dzplwqnufp4f2.webp\" title=\"apteczka logo\" alt=\"apteczka logo\" loading=\"lazy\" \/>\t\t\t\t\t\t\t\t\t\t\t\t\t\t\t<\/div>\n\t\t\t\t<\/div>\n\t\t\t\t<div class=\"elementor-element elementor-element-49f8749 elementor-widget elementor-widget-heading\" data-id=\"49f8749\" data-element_type=\"widget\" data-e-type=\"widget\" data-widget_type=\"heading.default\">\n\t\t\t\t<div class=\"elementor-widget-container\">\n\t\t\t\t\t<h2 class=\"elementor-heading-title elementor-size-default\"><span id=\"email-placeholder\">...<\/span><\/h2>\t\t\t\t<\/div>\n\t\t\t\t<\/div>\n\t\t\t\t<div class=\"elementor-element elementor-element-9932452 elementor-align-center elementor-widget elementor-widget-button\" data-id=\"9932452\" data-element_type=\"widget\" data-e-type=\"widget\" data-widget_type=\"button.default\">\n\t\t\t\t<div class=\"elementor-widget-container\">\n\t\t\t\t\t\t\t\t\t<div class=\"elementor-button-wrapper\">\n\t\t\t\t\t<a class=\"elementor-button elementor-button-link elementor-size-sm\" href=\"https:\/\/apteczka.inventi.pl\">\n\t\t\t\t\t\t<span class=\"elementor-button-content-wrapper\">\n\t\t\t\t\t\t\t\t\t<span class=\"elementor-button-text\">Zacznij korzysta\u0107 z Apteczki Leadera<\/span>\n\t\t\t\t\t<\/span>\n\t\t\t\t\t<\/a>\n\t\t\t\t<\/div>\n\t\t\t\t\t\t\t\t<\/div>\n\t\t\t\t<\/div>\n\t\t\t\t<div class=\"elementor-element elementor-element-c011e42 elementor-widget elementor-widget-heading\" data-id=\"c011e42\" data-element_type=\"widget\" data-e-type=\"widget\" data-widget_type=\"heading.default\">\n\t\t\t\t<div class=\"elementor-widget-container\">\n\t\t\t\t\t<h2 class=\"elementor-heading-title elementor-size-default\">Je\u015bli potrzebujesz pomocy lub chcesz otrzyma\u0107 faktur\u0119, skontaktuj si\u0119 z nami:\n<a href=\"mailto:apteczka@inventi.pl\" style=\"color:#0072a5;text-decoration:underline\">apteczka@inventi.pl<\/a>\n<\/h2>\t\t\t\t<\/div>\n\t\t\t\t<\/div>\n\t\t\t\t\t<\/div>\n\t\t\t\t<\/div>\n\t\t\t\t\t<\/div>\n\t\t\t\t<\/div>\n\t\t\t\t<\/div>","protected":false},"excerpt":{"rendered":"<p>P\u0142atno\u015b\u0107 zako\u0144czona powodzeniem. &#8230; Zacznij korzysta\u0107 z Apteczki Leadera Je\u015bli potrzebujesz pomocy lub chcesz otrzyma\u0107 faktur\u0119, skontaktuj si\u0119 z nami: apteczka@inventi.pl<\/p>","protected":false},"author":1,"featured_media":0,"parent":0,"menu_order":0,"comment_status":"closed","ping_status":"closed","template":"","meta":{"_acf_changed":false,"footnotes":""},"class_list":["post-9009","page","type-page","status-publish","hentry"],"acf":[],"yoast_head":"<!-- This site is optimized with the Yoast SEO plugin v27.5 - https:\/\/yoast.com\/product\/yoast-seo-wordpress\/ -->\n<title>success &#060; Szkolenia i strategie rozwojowe dla klient\u00f3w korporacyjnych od 2006 r.<\/title>\n<meta name=\"robots\" content=\"index, follow, max-snippet:-1, max-image-preview:large, max-video-preview:-1\" \/>\n<link rel=\"canonical\" href=\"https:\/\/inventi.pl\/en\/success\/\" \/>\n<meta property=\"og:locale\" content=\"en_US\" \/>\n<meta property=\"og:type\" content=\"article\" \/>\n<meta property=\"og:title\" content=\"success &#060; Szkolenia i strategie rozwojowe dla klient\u00f3w korporacyjnych od 2006 r.\" \/>\n<meta property=\"og:description\" content=\"P\u0142atno\u015b\u0107 zako\u0144czona powodzeniem. &#8230; Zacznij korzysta\u0107 z Apteczki Leadera Je\u015bli potrzebujesz pomocy lub chcesz otrzyma\u0107 faktur\u0119, skontaktuj si\u0119 z nami: apteczka@inventi.pl\" \/>\n<meta property=\"og:url\" content=\"https:\/\/inventi.pl\/en\/success\/\" \/>\n<meta property=\"og:site_name\" content=\"Szkolenia i strategie rozwojowe dla klient\u00f3w korporacyjnych od 2006 r.\" \/>\n<meta property=\"article:publisher\" content=\"https:\/\/www.facebook.com\/Inventi.szkolenia\" \/>\n<meta property=\"article:modified_time\" content=\"2025-11-13T12:22:48+00:00\" \/>\n<meta property=\"og:image\" content=\"https:\/\/inventi.pl\/wp-content\/uploads\/elementor\/thumbs\/apteczka-logo-rcbooh833u3bvcyn6tckg7c27suw5dzplwqnufp4f2.webp\" \/>\n<meta name=\"twitter:card\" content=\"summary_large_image\" \/>\n<meta name=\"twitter:label1\" content=\"Est. reading time\" \/>\n\t<meta name=\"twitter:data1\" content=\"1 minute\" \/>\n<script type=\"application\/ld+json\" class=\"yoast-schema-graph\">{\"@context\":\"https:\\\/\\\/schema.org\",\"@graph\":[{\"@type\":\"WebPage\",\"@id\":\"https:\\\/\\\/inventi.pl\\\/success\\\/\",\"url\":\"https:\\\/\\\/inventi.pl\\\/success\\\/\",\"name\":\"success &#060; Szkolenia i strategie rozwojowe dla klient\u00f3w korporacyjnych od 2006 r.\",\"isPartOf\":{\"@id\":\"https:\\\/\\\/inventi.pl\\\/#website\"},\"primaryImageOfPage\":{\"@id\":\"https:\\\/\\\/inventi.pl\\\/success\\\/#primaryimage\"},\"image\":{\"@id\":\"https:\\\/\\\/inventi.pl\\\/success\\\/#primaryimage\"},\"thumbnailUrl\":\"https:\\\/\\\/inventi.pl\\\/wp-content\\\/uploads\\\/elementor\\\/thumbs\\\/apteczka-logo-rcbooh833u3bvcyn6tckg7c27suw5dzplwqnufp4f2.webp\",\"datePublished\":\"2025-10-10T13:51:47+00:00\",\"dateModified\":\"2025-11-13T12:22:48+00:00\",\"breadcrumb\":{\"@id\":\"https:\\\/\\\/inventi.pl\\\/success\\\/#breadcrumb\"},\"inLanguage\":\"en-US\",\"potentialAction\":[{\"@type\":\"ReadAction\",\"target\":[\"https:\\\/\\\/inventi.pl\\\/success\\\/\"]}]},{\"@type\":\"ImageObject\",\"inLanguage\":\"en-US\",\"@id\":\"https:\\\/\\\/inventi.pl\\\/success\\\/#primaryimage\",\"url\":\"https:\\\/\\\/inventi.pl\\\/wp-content\\\/uploads\\\/elementor\\\/thumbs\\\/apteczka-logo-rcbooh833u3bvcyn6tckg7c27suw5dzplwqnufp4f2.webp\",\"contentUrl\":\"https:\\\/\\\/inventi.pl\\\/wp-content\\\/uploads\\\/elementor\\\/thumbs\\\/apteczka-logo-rcbooh833u3bvcyn6tckg7c27suw5dzplwqnufp4f2.webp\"},{\"@type\":\"BreadcrumbList\",\"@id\":\"https:\\\/\\\/inventi.pl\\\/success\\\/#breadcrumb\",\"itemListElement\":[{\"@type\":\"ListItem\",\"position\":1,\"name\":\"Home\",\"item\":\"https:\\\/\\\/inventi.pl\\\/\"},{\"@type\":\"ListItem\",\"position\":2,\"name\":\"success\"}]},{\"@type\":\"WebSite\",\"@id\":\"https:\\\/\\\/inventi.pl\\\/#website\",\"url\":\"https:\\\/\\\/inventi.pl\\\/\",\"name\":\"Szkolenia i strategie rozwojowe dla klient\u00f3w korporacyjnych od 2006 r.\",\"description\":\"Szkolenia i strategie rozwojowe dla klient\u00f3w korporacyjnych od 2006 r.\",\"publisher\":{\"@id\":\"https:\\\/\\\/inventi.pl\\\/#organization\"},\"potentialAction\":[{\"@type\":\"SearchAction\",\"target\":{\"@type\":\"EntryPoint\",\"urlTemplate\":\"https:\\\/\\\/inventi.pl\\\/?s={search_term_string}\"},\"query-input\":{\"@type\":\"PropertyValueSpecification\",\"valueRequired\":true,\"valueName\":\"search_term_string\"}}],\"inLanguage\":\"en-US\"},{\"@type\":\"Organization\",\"@id\":\"https:\\\/\\\/inventi.pl\\\/#organization\",\"name\":\"INVENTI Consulting\",\"url\":\"https:\\\/\\\/inventi.pl\\\/\",\"logo\":{\"@type\":\"ImageObject\",\"inLanguage\":\"en-US\",\"@id\":\"https:\\\/\\\/inventi.pl\\\/#\\\/schema\\\/logo\\\/image\\\/\",\"url\":\"https:\\\/\\\/inventi.pl\\\/wp-content\\\/uploads\\\/2017\\\/07\\\/logo.png\",\"contentUrl\":\"https:\\\/\\\/inventi.pl\\\/wp-content\\\/uploads\\\/2017\\\/07\\\/logo.png\",\"width\":1626,\"height\":694,\"caption\":\"INVENTI Consulting\"},\"image\":{\"@id\":\"https:\\\/\\\/inventi.pl\\\/#\\\/schema\\\/logo\\\/image\\\/\"},\"sameAs\":[\"https:\\\/\\\/www.facebook.com\\\/Inventi.szkolenia\",\"https:\\\/\\\/www.linkedin.com\\\/company\\\/inventiconsulting\\\/\"]}]}<\/script>\n<!-- \/ Yoast SEO plugin. -->","yoast_head_json":{"title":"success &#060; Szkolenia i strategie rozwojowe dla klient\u00f3w korporacyjnych od 2006 r.","robots":{"index":"index","follow":"follow","max-snippet":"max-snippet:-1","max-image-preview":"max-image-preview:large","max-video-preview":"max-video-preview:-1"},"canonical":"https:\/\/inventi.pl\/en\/success\/","og_locale":"en_US","og_type":"article","og_title":"success &#060; Szkolenia i strategie rozwojowe dla klient\u00f3w korporacyjnych od 2006 r.","og_description":"P\u0142atno\u015b\u0107 zako\u0144czona powodzeniem. &#8230; Zacznij korzysta\u0107 z Apteczki Leadera Je\u015bli potrzebujesz pomocy lub chcesz otrzyma\u0107 faktur\u0119, skontaktuj si\u0119 z nami: apteczka@inventi.pl","og_url":"https:\/\/inventi.pl\/en\/success\/","og_site_name":"Szkolenia i strategie rozwojowe dla klient\u00f3w korporacyjnych od 2006 r.","article_publisher":"https:\/\/www.facebook.com\/Inventi.szkolenia","article_modified_time":"2025-11-13T12:22:48+00:00","og_image":[{"url":"https:\/\/inventi.pl\/wp-content\/uploads\/elementor\/thumbs\/apteczka-logo-rcbooh833u3bvcyn6tckg7c27suw5dzplwqnufp4f2.webp","type":"","width":"","height":""}],"twitter_card":"summary_large_image","twitter_misc":{"Est. reading time":"1 minute"},"schema":{"@context":"https:\/\/schema.org","@graph":[{"@type":"WebPage","@id":"https:\/\/inventi.pl\/success\/","url":"https:\/\/inventi.pl\/success\/","name":"success &#060; Szkolenia i strategie rozwojowe dla klient\u00f3w korporacyjnych od 2006 r.","isPartOf":{"@id":"https:\/\/inventi.pl\/#website"},"primaryImageOfPage":{"@id":"https:\/\/inventi.pl\/success\/#primaryimage"},"image":{"@id":"https:\/\/inventi.pl\/success\/#primaryimage"},"thumbnailUrl":"https:\/\/inventi.pl\/wp-content\/uploads\/elementor\/thumbs\/apteczka-logo-rcbooh833u3bvcyn6tckg7c27suw5dzplwqnufp4f2.webp","datePublished":"2025-10-10T13:51:47+00:00","dateModified":"2025-11-13T12:22:48+00:00","breadcrumb":{"@id":"https:\/\/inventi.pl\/success\/#breadcrumb"},"inLanguage":"en-US","potentialAction":[{"@type":"ReadAction","target":["https:\/\/inventi.pl\/success\/"]}]},{"@type":"ImageObject","inLanguage":"en-US","@id":"https:\/\/inventi.pl\/success\/#primaryimage","url":"https:\/\/inventi.pl\/wp-content\/uploads\/elementor\/thumbs\/apteczka-logo-rcbooh833u3bvcyn6tckg7c27suw5dzplwqnufp4f2.webp","contentUrl":"https:\/\/inventi.pl\/wp-content\/uploads\/elementor\/thumbs\/apteczka-logo-rcbooh833u3bvcyn6tckg7c27suw5dzplwqnufp4f2.webp"},{"@type":"BreadcrumbList","@id":"https:\/\/inventi.pl\/success\/#breadcrumb","itemListElement":[{"@type":"ListItem","position":1,"name":"Home","item":"https:\/\/inventi.pl\/"},{"@type":"ListItem","position":2,"name":"success"}]},{"@type":"WebSite","@id":"https:\/\/inventi.pl\/#website","url":"https:\/\/inventi.pl\/","name":"Szkolenia i strategie rozwojowe dla klient\u00f3w korporacyjnych od 2006 r.","description":"Szkolenia i strategie rozwojowe dla klient\u00f3w korporacyjnych od 2006 r.","publisher":{"@id":"https:\/\/inventi.pl\/#organization"},"potentialAction":[{"@type":"SearchAction","target":{"@type":"EntryPoint","urlTemplate":"https:\/\/inventi.pl\/?s={search_term_string}"},"query-input":{"@type":"PropertyValueSpecification","valueRequired":true,"valueName":"search_term_string"}}],"inLanguage":"en-US"},{"@type":"Organization","@id":"https:\/\/inventi.pl\/#organization","name":"INVENTI Consulting","url":"https:\/\/inventi.pl\/","logo":{"@type":"ImageObject","inLanguage":"en-US","@id":"https:\/\/inventi.pl\/#\/schema\/logo\/image\/","url":"https:\/\/inventi.pl\/wp-content\/uploads\/2017\/07\/logo.png","contentUrl":"https:\/\/inventi.pl\/wp-content\/uploads\/2017\/07\/logo.png","width":1626,"height":694,"caption":"INVENTI Consulting"},"image":{"@id":"https:\/\/inventi.pl\/#\/schema\/logo\/image\/"},"sameAs":["https:\/\/www.facebook.com\/Inventi.szkolenia","https:\/\/www.linkedin.com\/company\/inventiconsulting\/"]}]}},"_links":{"self":[{"href":"https:\/\/inventi.pl\/en\/wp-json\/wp\/v2\/pages\/9009","targetHints":{"allow":["GET"]}}],"collection":[{"href":"https:\/\/inventi.pl\/en\/wp-json\/wp\/v2\/pages"}],"about":[{"href":"https:\/\/inventi.pl\/en\/wp-json\/wp\/v2\/types\/page"}],"author":[{"embeddable":true,"href":"https:\/\/inventi.pl\/en\/wp-json\/wp\/v2\/users\/1"}],"replies":[{"embeddable":true,"href":"https:\/\/inventi.pl\/en\/wp-json\/wp\/v2\/comments?post=9009"}],"version-history":[{"count":28,"href":"https:\/\/inventi.pl\/en\/wp-json\/wp\/v2\/pages\/9009\/revisions"}],"predecessor-version":[{"id":10062,"href":"https:\/\/inventi.pl\/en\/wp-json\/wp\/v2\/pages\/9009\/revisions\/10062"}],"wp:attachment":[{"href":"https:\/\/inventi.pl\/en\/wp-json\/wp\/v2\/media?parent=9009"}],"curies":[{"name":"wp","href":"https:\/\/api.w.org\/{rel}","templated":true}]}}