{"id":9542,"date":"2025-11-05T13:31:46","date_gmt":"2025-11-05T12:31:46","guid":{"rendered":"https:\/\/inventi.pl\/?page_id=9542"},"modified":"2025-11-18T09:34:10","modified_gmt":"2025-11-18T08:34:10","slug":"regulamin-black-friday-2025","status":"publish","type":"page","link":"https:\/\/inventi.pl\/en\/regulamin-black-friday-2025\/","title":{"rendered":"Regulamin Black Friday 2025"},"content":{"rendered":"<div data-elementor-type=\"wp-page\" data-elementor-id=\"9542\" class=\"elementor elementor-9542\" data-elementor-post-type=\"page\">\n\t\t\t\t<div class=\"elementor-element elementor-element-371c0b6 e-flex e-con-boxed e-con e-parent\" data-id=\"371c0b6\" data-element_type=\"container\" data-e-type=\"container\">\n\t\t\t\t\t<div class=\"e-con-inner\">\n\t\t\t\t<div class=\"elementor-element elementor-element-b37e1b9 elementor-widget elementor-widget-text-editor\" data-id=\"b37e1b9\" data-element_type=\"widget\" data-e-type=\"widget\" data-widget_type=\"text-editor.default\">\n\t\t\t\t<div class=\"elementor-widget-container\">\n\t\t\t\t\t\t\t\t\t<h2><strong>REGULAMIN PROMOCJI \u201e1+1 GRATIS&#8221;<\/strong><\/h2><h5>05.11.2025<\/h5><h4><span style=\"color: #0072a5;\"><strong>TO, CO NAJWA\u017bNIEJSZE<\/strong><\/span><\/h4><ul><li>Kupuj\u0105c u nas jedno szkolenie w ramach promocji 1+1 GRATIS, <strong>otrzymujesz za darmo 1-dniowe szkolenie<\/strong> takiego samego typu (online lub stajonarnie). Temat i termin mog\u0105 by\u0107 r\u00f3\u017cne<\/li><li>Zapisz si\u0119 przez formularz na stronie <a href=\"https:\/\/inventi.pl\/en\/black-friday-2025\/\">https:\/\/inventi.pl\/black-friday-2025<\/a> do 28 listopada 2025 r., a umow\u0119 na realizacj\u0119 podpisz do ko\u0144ca roku.<\/li><li>Szczeg\u00f3\u0142y dotycz\u0105ce szkole\u0144 ustalimy na spotkaniu z Tob\u0105 (online) i potwierdzimy emailem zawieraj\u0105cym program szkolenia i poprosimy o jego akceptacj\u0119.<\/li><li>Szkolenie p\u0142atne mo\u017cesz zrealizowa\u0107 i zap\u0142aci\u0107 za nie do ko\u0144ca czerwca 2026 r.<\/li><li>Darmowy 1 dzie\u0144 szkoleniowy mo\u017cesz wykorzysta\u0107 na dowolne 1 dniowe szkolenie online z naszej oferty .<\/li><li><strong><strong>Inwestujesz w szkolenia, za kt\u00f3re pracownicy b\u0119d\u0105 Ci wdzi\u0119czni.<br \/><\/strong><\/strong><br \/><br \/><\/li><\/ul><hr \/><h5><strong><br \/>\u00a7 1. POSTANOWIENIA OG\u00d3LNE<\/strong><\/h5><p>1.1. Organizatorem promocji jest: <strong>INVENTI Consulting<\/strong><br \/>ul. Limanowskiego 1A<br \/>32-020 Wieliczka<br \/>NIP: 796 205 15 28<br \/>e-mail: <a href=\"mailto:hello@inventi.pl\">hello@inventi.pl<\/a><br \/>tel.: 12 398 78 18<\/p><p>1.2. Promocja obowi\u0105zuje od dnia og\u0142oszenia do dnia 28 listopada 2025 r. lub do wyczerpania puli darmowych dni szkoleniowych \u2013 w zale\u017cno\u015bci od tego, kt\u00f3re zdarzenie nast\u0105pi wcze\u015bniej.<\/p><p>1.3. Organizator zastrzega sobie prawo do przed\u0142u\u017cenia promocji bez konieczno\u015bci informowania uczestnik\u00f3w o zmianie terminu zako\u0144czenia.<\/p><p>1.4. Regulamin wchodzi w \u017cycie z dniem publikacji i obowi\u0105zuje do odwo\u0142ania lub zako\u0144czenia promocji.<\/p><h5><strong>\u00a7 2. WARUNKI UCZESTNICTWA W PROMOCJI<\/strong><\/h5><p>2.1. W ramach promocji Klient, kt\u00f3ry zam\u00f3wi jedno p\u0142atne szkolenie zamkni\u0119te dla swojej firmy, otrzymuje 1 dzie\u0144 szkoleniowy gratis.<\/p><p>2.2. <strong>Minimalne zam\u00f3wienie uprawniaj\u0105ce do skorzystania z promocji to jedno p\u0142atne szkolenie na sali (7h) albo online (4h) dla grupy do 12 os\u00f3b<\/strong><\/p><p>2.3. Promocja dotyczy wy\u0142\u0105cznie szkole\u0144 zamkni\u0119tych realizowanych dla konkretnego Klienta.<\/p><p>2.4. Promocja obejmuje wy\u0142\u0105cznie pierwsze zam\u00f3wienie danej firmy lub grupy kapita\u0142owej w ramach niniejszej akcji promocyjnej i jest ograniczone do jednego darmowego dnia na firm\u0119, niezale\u017cnie od ilo\u015bci zg\u0142osze\u0144 z tej samej firmy.<\/p><p>2.5. Przynale\u017cno\u015b\u0107 do tej samej grupy kapita\u0142owej zostanie zweryfikowana przez Organizatora w bezpo\u015brednim kontakcie z Klientem.<\/p><h5><strong>\u00a7 3. PROCEDURA ZG\u0141OSZENIA<\/strong><\/h5><p>3.1. Zg\u0142oszenie udzia\u0142u w promocji nast\u0119puje poprzez wype\u0142nienie formularza dost\u0119pnego na stronie internetowej: <strong><a href=\"https:\/\/inventi.pl\/en\/black-friday-2025\/\">https:\/\/inventi.pl\/black-friday-2025<\/a><\/strong><\/p><p>3.2 <strong>Wype\u0142nienie formularza oznacza wy\u0142\u0105cznie wyra\u017cenie zainteresowania propozycj\u0105 \u201e1+1 GRATIS&#8221; i NIE wi\u0105\u017ce si\u0119 z obowi\u0105zkiem zap\u0142aty ani NIE stanowi zobowi\u0105zania do zakupu szkolenia.<\/strong><\/p><p>3.3. Zg\u0142oszenie udzia\u0142u w promocji jest r\u00f3wnoznaczne z akceptacj\u0105 niniejszego regulaminu.<\/p><p>3.4. O zakwalifikowaniu do promocji decyduje kolejno\u015b\u0107 zg\u0142osze\u0144. Liczba darmowych dni szkoleniowych w promocji jest ograniczona do 20 &#8211; o kwalifikacji decyduje kolejno\u015b\u0107 zg\u0142osze\u0144.<\/p><h5><strong>\u00a7 4. TERMINY I REALIZACJA<\/strong><\/h5><p>4.1. Umowa na udzia\u0142 w szkoleniu musi zosta\u0107 podpisana mi\u0119dzy Klientem a Organizatorem do dnia <strong>31 grudnia 2025 r.<\/strong><\/p><p>4.2.\u00a0Realizacja szkolenia, kt\u00f3re uprawnia do otrzymania gratisowego dnia musi nast\u0105pi\u0107 do dnia <b>30 czerwca 2026 r.<\/b>\u00a0<\/p><p>4.3. Program szkoleniowy oraz szczeg\u00f3\u0142owy zakres tematyczny zostan\u0105 ustalone podczas bezpo\u015bredniej rozmowy z Klientem oraz potwierdzone drog\u0105 mailow\u0105.<\/p><h5><strong>\u00a7 5. ZASADY WYKORZYSTANIA DNIA GRATIS<\/strong><\/h5><p>5.1. Darmowy dzie\u0144 szkoleniowy dotyczy tej samej firmy (Klienta) lub grupy kapita\u0142owej, kt\u00f3ra zam\u00f3wi\u0142a szkolenie p\u0142atne.<\/p><p>5.2. Darmowy dzie\u0144 mo\u017ce zosta\u0107 wykorzystany wy\u0142\u0105cznie na szkolenie z oferty INVENTI Consulting.<\/p><p>5.3. Darmowy dzie\u0144 mo\u017cna wykorzysta\u0107 najp\u00f3\u017aniej do <strong>30 czerwca 2026 r.<\/strong><\/p><p>5.4. Promocja obejmuje jedno szkolenie gratis na jedn\u0105 firm\u0119 lub grup\u0119 kapita\u0142ow\u0105, niezale\u017cnie od liczby zam\u00f3wionych szkole\u0144 p\u0142atnych.<\/p><p>5.5. Niewykorzystany darmowy dzie\u0144 szkoleniowy nie podlega wymianie na got\u00f3wk\u0119 ani inne \u015bwiadczenia.<\/p><p>5.6.\u00a0Darmowy dzie\u0144 szkoleniowy oznacza 1-dniowe szkolenie tego samego rodzaju co szkolenie p\u0142atne (online lub stacjonarnie) i prowadzone w tym samym j\u0119zyku, co szkolenie p\u0142atne, organizowane dla maksymalnej grupy 12 os\u00f3b. Tematy i terminy szkolenia p\u0142atnego i bezp\u0142atnego mog\u0105 by\u0107 r\u00f3\u017cne.<\/p><h5><strong>\u00a7 6. OGRANICZENIA I WYKLUCZENIA<\/strong><\/h5><p>6.1. Promocja nie \u0142\u0105czy si\u0119 z innymi rabatami, zni\u017ckami ani promocjami oferowanymi przez INVENTI Consulting.<\/p><p>6.2. W przypadku rezygnacji z realizacji p\u0142atnego szkolenia przed jego przeprowadzeniem, prawo do darmowego dnia szkoleniowego przepada automatycznie.<\/p><p>6.3. W przypadku, gdy Klient nie zrealizuje szkolenia do 30 czerwca 2026 r. lub nie dokona p\u0142atno\u015bci w wyznaczonym terminie, prawo do darmowego dnia szkoleniowego wygasa.<\/p><p>6.4. Organizator zastrzega sobie prawo do odmowy udzia\u0142u w promocji w przypadku:<\/p><ul><li>Wyczerpania puli darmowych dni szkoleniowych<\/li><li>Braku mo\u017cliwo\u015bci technicznych lub organizacyjnych realizacji szkolenia<\/li><li>Naruszenia postanowie\u0144 niniejszego regulaminu przez Klienta<\/li><\/ul><h5><strong>\u00a7 7. PRAWA I OBOWI\u0104ZKI\u00a0<\/strong><\/h5><p>7.1. Organizator zobowi\u0105zuje si\u0119 do:<\/p><ul><li>Realizacji szkole\u0144 na najwy\u017cszym poziomie merytorycznym<\/li><li>Zapewnienia wykwalifikowanej kadry trenerskiej<\/li><li>Dostosowania programu szkoleniowego do potrzeb Klienta<\/li><li>Dotrzymania ustalonych termin\u00f3w realizacji i zakresu tematycznego szkolenia p\u0142atnego i bezp\u0142atnego<\/li><\/ul><p>7.2. Klient zobowi\u0105zuje si\u0119 do:<\/p><ul><li>Przekazania prawdziwych i aktualnych danych w formularzu zg\u0142oszeniowym<\/li><li>Zapewnienia odpowiednich warunk\u00f3w do realizacji szkolenia (w przypadku szkole\u0144 realizowanych w siedzibie Klienta)<\/li><\/ul><h5><strong>\u00a7 8. OCHRONA DANYCH OSOBOWYCH<\/strong><\/h5><p>8.1. Administratorem danych osobowych Klienta jest INVENTI Consulting, ul. Limanowskiego 1A, 32-020 Wieliczka.<\/p><p>8.2. Dane osobowe b\u0119d\u0105 przetwarzane w celu realizacji promocji, zawarcia i wykonania umowy szkoleniowej oraz obs\u0142ugi Klienta.<\/p><p>8.3. Szczeg\u00f3\u0142owe informacje dotycz\u0105ce przetwarzania danych osobowych dost\u0119pne s\u0105 w Polityce Prywatno\u015bci na stronie <a href=\"https:\/\/inventi.pl\/en\/polityka-prywatnosci\/\">www.inventi.pl\/polityka-prywatnosci<\/a><\/p><h5><strong>\u00a7 9. ZMIANA I ZAKO\u0143CZENIE PROMOCJI<\/strong><\/h5><p>10.1. Organizator zastrzega sobie prawo do wcze\u015bniejszego zako\u0144czenia promocji w przypadku wyczerpania puli darmowych dni szkoleniowych. O zako\u0144czeniu promocji Organizator poinformuje na stronie internetowej oraz w miejscu publikacji informacji o promocji.<\/p><p>10.2. Organizator zastrzega sobie prawo do zmiany postanowie\u0144 niniejszego regulaminu w uzasadnionych przypadkach (np. zmiana przepis\u00f3w prawnych, b\u0142\u0105d techniczny i in.).\u00a0<\/p><p>10.3. Informacja o zmianach w regulaminie zostanie opublikowana na stronie internetowej <a href=\"https:\/\/inventi.pl\/en\/regulamin-black-friday-2025\/\">https:\/\/inventi.pl\/regulamin-black-friday-2025<\/a><\/p><h5><strong>\u00a7 11. POSTANOWIENIA KO\u0143COWE<\/strong><\/h5><p>11.1. W sprawach nieuregulowanych niniejszym regulaminem maj\u0105 zastosowanie przepisy prawa polskiego.<\/p><p>11.2. Niniejszy regulamin jest dost\u0119pny do wgl\u0105du na stronie internetowej <a href=\"https:\/\/inventi.pl\/en\/\">www.inventi.pl<\/a> oraz w siedzibie Organizatora.<\/p><p>11.3. Wszelkie spory wynikaj\u0105ce z realizacji promocji b\u0119d\u0105 rozstrzygane przez s\u0105d w\u0142a\u015bciwy dla siedziby Organizatora.<\/p><p>11.4. Regulamin wchodzi w \u017cycie z dniem publikacji.<\/p><hr \/><p><strong>\u00a0<\/strong><\/p><p><strong>Data publikacji regulaminu: 12.11.2025<\/strong><\/p><p><strong>INVENTI Consulting<\/strong><\/p>\t\t\t\t\t\t\t\t<\/div>\n\t\t\t\t<\/div>\n\t\t\t\t\t<\/div>\n\t\t\t\t<\/div>\n\t\t\t\t<\/div>","protected":false},"excerpt":{"rendered":"<p>REGULAMIN PROMOCJI \u201e1+1 GRATIS&#8221; 05.11.2025 TO, CO NAJWA\u017bNIEJSZE Kupuj\u0105c u nas jedno szkolenie w ramach promocji 1+1 GRATIS, otrzymujesz za darmo 1-dniowe szkolenie takiego samego typu (online lub stajonarnie). Temat i termin mog\u0105 by\u0107 r\u00f3\u017cne Zapisz si\u0119 przez formularz na stronie https:\/\/inventi.pl\/black-friday-2025 do 28 listopada 2025 r., a umow\u0119 na realizacj\u0119 podpisz do ko\u0144ca roku. [&hellip;]<\/p>","protected":false},"author":1,"featured_media":0,"parent":0,"menu_order":0,"comment_status":"closed","ping_status":"closed","template":"","meta":{"_acf_changed":false,"footnotes":""},"class_list":["post-9542","page","type-page","status-publish","hentry"],"acf":[],"yoast_head":"<!-- This site is optimized with the Yoast SEO plugin v27.4 - https:\/\/yoast.com\/product\/yoast-seo-wordpress\/ -->\n<title>Regulamin Black Friday 2025 &#060; Szkolenia i strategie rozwojowe dla klient\u00f3w korporacyjnych od 2006 r.<\/title>\n<meta name=\"robots\" content=\"index, follow, max-snippet:-1, max-image-preview:large, max-video-preview:-1\" \/>\n<link rel=\"canonical\" href=\"https:\/\/inventi.pl\/en\/regulamin-black-friday-2025\/\" \/>\n<meta property=\"og:locale\" content=\"en_US\" \/>\n<meta property=\"og:type\" content=\"article\" \/>\n<meta property=\"og:title\" content=\"Regulamin Black Friday 2025 &#060; Szkolenia i strategie rozwojowe dla klient\u00f3w korporacyjnych od 2006 r.\" \/>\n<meta property=\"og:description\" content=\"REGULAMIN PROMOCJI \u201e1+1 GRATIS&#8221; 05.11.2025 TO, CO NAJWA\u017bNIEJSZE Kupuj\u0105c u nas jedno szkolenie w ramach promocji 1+1 GRATIS, otrzymujesz za darmo 1-dniowe szkolenie takiego samego typu (online lub stajonarnie). Temat i termin mog\u0105 by\u0107 r\u00f3\u017cne Zapisz si\u0119 przez formularz na stronie https:\/\/inventi.pl\/black-friday-2025 do 28 listopada 2025 r., a umow\u0119 na realizacj\u0119 podpisz do ko\u0144ca roku. [&hellip;]\" \/>\n<meta property=\"og:url\" content=\"https:\/\/inventi.pl\/en\/regulamin-black-friday-2025\/\" \/>\n<meta property=\"og:site_name\" content=\"Szkolenia i strategie rozwojowe dla klient\u00f3w korporacyjnych od 2006 r.\" \/>\n<meta property=\"article:publisher\" content=\"https:\/\/www.facebook.com\/Inventi.szkolenia\" \/>\n<meta property=\"article:modified_time\" content=\"2025-11-18T08:34:10+00:00\" \/>\n<meta name=\"twitter:card\" content=\"summary_large_image\" \/>\n<meta name=\"twitter:label1\" content=\"Est. reading time\" \/>\n\t<meta name=\"twitter:data1\" content=\"4 minutes\" \/>\n<script type=\"application\/ld+json\" class=\"yoast-schema-graph\">{\"@context\":\"https:\\\/\\\/schema.org\",\"@graph\":[{\"@type\":\"WebPage\",\"@id\":\"https:\\\/\\\/inventi.pl\\\/regulamin-black-friday-2025\\\/\",\"url\":\"https:\\\/\\\/inventi.pl\\\/regulamin-black-friday-2025\\\/\",\"name\":\"Regulamin Black Friday 2025 &#060; Szkolenia i strategie rozwojowe dla klient\u00f3w korporacyjnych od 2006 r.\",\"isPartOf\":{\"@id\":\"https:\\\/\\\/inventi.pl\\\/#website\"},\"datePublished\":\"2025-11-05T12:31:46+00:00\",\"dateModified\":\"2025-11-18T08:34:10+00:00\",\"breadcrumb\":{\"@id\":\"https:\\\/\\\/inventi.pl\\\/regulamin-black-friday-2025\\\/#breadcrumb\"},\"inLanguage\":\"en-US\",\"potentialAction\":[{\"@type\":\"ReadAction\",\"target\":[\"https:\\\/\\\/inventi.pl\\\/regulamin-black-friday-2025\\\/\"]}]},{\"@type\":\"BreadcrumbList\",\"@id\":\"https:\\\/\\\/inventi.pl\\\/regulamin-black-friday-2025\\\/#breadcrumb\",\"itemListElement\":[{\"@type\":\"ListItem\",\"position\":1,\"name\":\"Home\",\"item\":\"https:\\\/\\\/inventi.pl\\\/\"},{\"@type\":\"ListItem\",\"position\":2,\"name\":\"Regulamin Black Friday 2025\"}]},{\"@type\":\"WebSite\",\"@id\":\"https:\\\/\\\/inventi.pl\\\/#website\",\"url\":\"https:\\\/\\\/inventi.pl\\\/\",\"name\":\"Szkolenia i strategie rozwojowe dla klient\u00f3w korporacyjnych od 2006 r.\",\"description\":\"Szkolenia i strategie rozwojowe dla klient\u00f3w korporacyjnych od 2006 r.\",\"publisher\":{\"@id\":\"https:\\\/\\\/inventi.pl\\\/#organization\"},\"potentialAction\":[{\"@type\":\"SearchAction\",\"target\":{\"@type\":\"EntryPoint\",\"urlTemplate\":\"https:\\\/\\\/inventi.pl\\\/?s={search_term_string}\"},\"query-input\":{\"@type\":\"PropertyValueSpecification\",\"valueRequired\":true,\"valueName\":\"search_term_string\"}}],\"inLanguage\":\"en-US\"},{\"@type\":\"Organization\",\"@id\":\"https:\\\/\\\/inventi.pl\\\/#organization\",\"name\":\"INVENTI Consulting\",\"url\":\"https:\\\/\\\/inventi.pl\\\/\",\"logo\":{\"@type\":\"ImageObject\",\"inLanguage\":\"en-US\",\"@id\":\"https:\\\/\\\/inventi.pl\\\/#\\\/schema\\\/logo\\\/image\\\/\",\"url\":\"https:\\\/\\\/inventi.pl\\\/wp-content\\\/uploads\\\/2017\\\/07\\\/logo.png\",\"contentUrl\":\"https:\\\/\\\/inventi.pl\\\/wp-content\\\/uploads\\\/2017\\\/07\\\/logo.png\",\"width\":1626,\"height\":694,\"caption\":\"INVENTI Consulting\"},\"image\":{\"@id\":\"https:\\\/\\\/inventi.pl\\\/#\\\/schema\\\/logo\\\/image\\\/\"},\"sameAs\":[\"https:\\\/\\\/www.facebook.com\\\/Inventi.szkolenia\",\"https:\\\/\\\/www.linkedin.com\\\/company\\\/inventiconsulting\\\/\"]}]}<\/script>\n<!-- \/ Yoast SEO plugin. -->","yoast_head_json":{"title":"Regulamin Black Friday 2025 &#060; Szkolenia i strategie rozwojowe dla klient\u00f3w korporacyjnych od 2006 r.","robots":{"index":"index","follow":"follow","max-snippet":"max-snippet:-1","max-image-preview":"max-image-preview:large","max-video-preview":"max-video-preview:-1"},"canonical":"https:\/\/inventi.pl\/en\/regulamin-black-friday-2025\/","og_locale":"en_US","og_type":"article","og_title":"Regulamin Black Friday 2025 &#060; Szkolenia i strategie rozwojowe dla klient\u00f3w korporacyjnych od 2006 r.","og_description":"REGULAMIN PROMOCJI \u201e1+1 GRATIS&#8221; 05.11.2025 TO, CO NAJWA\u017bNIEJSZE Kupuj\u0105c u nas jedno szkolenie w ramach promocji 1+1 GRATIS, otrzymujesz za darmo 1-dniowe szkolenie takiego samego typu (online lub stajonarnie). Temat i termin mog\u0105 by\u0107 r\u00f3\u017cne Zapisz si\u0119 przez formularz na stronie https:\/\/inventi.pl\/black-friday-2025 do 28 listopada 2025 r., a umow\u0119 na realizacj\u0119 podpisz do ko\u0144ca roku. [&hellip;]","og_url":"https:\/\/inventi.pl\/en\/regulamin-black-friday-2025\/","og_site_name":"Szkolenia i strategie rozwojowe dla klient\u00f3w korporacyjnych od 2006 r.","article_publisher":"https:\/\/www.facebook.com\/Inventi.szkolenia","article_modified_time":"2025-11-18T08:34:10+00:00","twitter_card":"summary_large_image","twitter_misc":{"Est. reading time":"4 minutes"},"schema":{"@context":"https:\/\/schema.org","@graph":[{"@type":"WebPage","@id":"https:\/\/inventi.pl\/regulamin-black-friday-2025\/","url":"https:\/\/inventi.pl\/regulamin-black-friday-2025\/","name":"Regulamin Black Friday 2025 &#060; Szkolenia i strategie rozwojowe dla klient\u00f3w korporacyjnych od 2006 r.","isPartOf":{"@id":"https:\/\/inventi.pl\/#website"},"datePublished":"2025-11-05T12:31:46+00:00","dateModified":"2025-11-18T08:34:10+00:00","breadcrumb":{"@id":"https:\/\/inventi.pl\/regulamin-black-friday-2025\/#breadcrumb"},"inLanguage":"en-US","potentialAction":[{"@type":"ReadAction","target":["https:\/\/inventi.pl\/regulamin-black-friday-2025\/"]}]},{"@type":"BreadcrumbList","@id":"https:\/\/inventi.pl\/regulamin-black-friday-2025\/#breadcrumb","itemListElement":[{"@type":"ListItem","position":1,"name":"Home","item":"https:\/\/inventi.pl\/"},{"@type":"ListItem","position":2,"name":"Regulamin Black Friday 2025"}]},{"@type":"WebSite","@id":"https:\/\/inventi.pl\/#website","url":"https:\/\/inventi.pl\/","name":"Szkolenia i strategie rozwojowe dla klient\u00f3w korporacyjnych od 2006 r.","description":"Szkolenia i strategie rozwojowe dla klient\u00f3w korporacyjnych od 2006 r.","publisher":{"@id":"https:\/\/inventi.pl\/#organization"},"potentialAction":[{"@type":"SearchAction","target":{"@type":"EntryPoint","urlTemplate":"https:\/\/inventi.pl\/?s={search_term_string}"},"query-input":{"@type":"PropertyValueSpecification","valueRequired":true,"valueName":"search_term_string"}}],"inLanguage":"en-US"},{"@type":"Organization","@id":"https:\/\/inventi.pl\/#organization","name":"INVENTI Consulting","url":"https:\/\/inventi.pl\/","logo":{"@type":"ImageObject","inLanguage":"en-US","@id":"https:\/\/inventi.pl\/#\/schema\/logo\/image\/","url":"https:\/\/inventi.pl\/wp-content\/uploads\/2017\/07\/logo.png","contentUrl":"https:\/\/inventi.pl\/wp-content\/uploads\/2017\/07\/logo.png","width":1626,"height":694,"caption":"INVENTI Consulting"},"image":{"@id":"https:\/\/inventi.pl\/#\/schema\/logo\/image\/"},"sameAs":["https:\/\/www.facebook.com\/Inventi.szkolenia","https:\/\/www.linkedin.com\/company\/inventiconsulting\/"]}]}},"_links":{"self":[{"href":"https:\/\/inventi.pl\/en\/wp-json\/wp\/v2\/pages\/9542","targetHints":{"allow":["GET"]}}],"collection":[{"href":"https:\/\/inventi.pl\/en\/wp-json\/wp\/v2\/pages"}],"about":[{"href":"https:\/\/inventi.pl\/en\/wp-json\/wp\/v2\/types\/page"}],"author":[{"embeddable":true,"href":"https:\/\/inventi.pl\/en\/wp-json\/wp\/v2\/users\/1"}],"replies":[{"embeddable":true,"href":"https:\/\/inventi.pl\/en\/wp-json\/wp\/v2\/comments?post=9542"}],"version-history":[{"count":31,"href":"https:\/\/inventi.pl\/en\/wp-json\/wp\/v2\/pages\/9542\/revisions"}],"predecessor-version":[{"id":10237,"href":"https:\/\/inventi.pl\/en\/wp-json\/wp\/v2\/pages\/9542\/revisions\/10237"}],"wp:attachment":[{"href":"https:\/\/inventi.pl\/en\/wp-json\/wp\/v2\/media?parent=9542"}],"curies":[{"name":"wp","href":"https:\/\/api.w.org\/{rel}","templated":true}]}}