{"id":9930,"date":"2025-11-12T16:35:44","date_gmt":"2025-11-12T15:35:44","guid":{"rendered":"https:\/\/inventi.pl\/?page_id=9930"},"modified":"2025-11-12T16:52:00","modified_gmt":"2025-11-12T15:52:00","slug":"bf25-promocja-zakonczona","status":"publish","type":"page","link":"https:\/\/inventi.pl\/en\/bf25-promocja-zakonczona\/","title":{"rendered":"Promocja zako\u0144czona"},"content":{"rendered":"<div data-elementor-type=\"wp-page\" data-elementor-id=\"9930\" class=\"elementor elementor-9930\" data-elementor-post-type=\"page\">\n\t\t\t\t<div class=\"elementor-element elementor-element-2dde3a8 e-flex e-con-boxed e-con e-parent\" data-id=\"2dde3a8\" data-element_type=\"container\" data-e-type=\"container\">\n\t\t\t\t\t<div class=\"e-con-inner\">\n\t\t\t\t<div class=\"elementor-element elementor-element-daeedd7 elementor-view-default elementor-widget elementor-widget-icon\" data-id=\"daeedd7\" data-element_type=\"widget\" data-e-type=\"widget\" data-widget_type=\"icon.default\">\n\t\t\t\t<div class=\"elementor-widget-container\">\n\t\t\t\t\t\t\t<div class=\"elementor-icon-wrapper\">\n\t\t\t<div class=\"elementor-icon\">\n\t\t\t<svg aria-hidden=\"true\" class=\"e-font-icon-svg e-fas-lock\" viewbox=\"0 0 448 512\" xmlns=\"http:\/\/www.w3.org\/2000\/svg\"><path d=\"M400 224h-24v-72C376 68.2 307.8 0 224 0S72 68.2 72 152v72H48c-26.5 0-48 21.5-48 48v192c0 26.5 21.5 48 48 48h352c26.5 0 48-21.5 48-48V272c0-26.5-21.5-48-48-48zm-104 0H152v-72c0-39.7 32.3-72 72-72s72 32.3 72 72v72z\"><\/path><\/svg>\t\t\t<\/div>\n\t\t<\/div>\n\t\t\t\t\t\t<\/div>\n\t\t\t\t<\/div>\n\t\t\t\t<div class=\"elementor-element elementor-element-06878f2 elementor-widget elementor-widget-text-editor\" data-id=\"06878f2\" data-element_type=\"widget\" data-e-type=\"widget\" data-widget_type=\"text-editor.default\">\n\t\t\t\t<div class=\"elementor-widget-container\">\n\t\t\t\t\t\t\t\t\t<h2 data-start=\"27\" data-end=\"151\">Dzi\u0119kujemy za zainteresowanie promocj\u0105 <strong data-start=\"74\" data-end=\"101\">Black Friday 1+1 GRATIS<\/strong>.<br \/><br \/><\/h2><h3 data-start=\"27\" data-end=\"151\"><strong><span style=\"color: #ff9900;\">Limit 20 zg\u0142osze\u0144 zosta\u0142 niestety wyczerpany.<\/span><\/strong><\/h3><h5 data-start=\"153\" data-end=\"325\"><br \/>Je\u015bli nie zd\u0105\u017cyli Pa\u0144stwo skorzysta\u0107 z oferty \u2014 nic straconego. <br \/>Ju\u017c wkr\u00f3tce przygotujemy kolejn\u0105 okazj\u0119, kt\u00f3ra pozwoli Pa\u0144stwu korzystnie zainwestowa\u0107 w rozw\u00f3j zespo\u0142u.<\/h5>\t\t\t\t\t\t\t\t<\/div>\n\t\t\t\t<\/div>\n\t\t\t\t\t<\/div>\n\t\t\t\t<\/div>\n\t\t\t\t<\/div>","protected":false},"excerpt":{"rendered":"<p>Dzi\u0119kujemy za zainteresowanie promocj\u0105 Black Friday 1+1 GRATIS. Limit 20 zg\u0142osze\u0144 zosta\u0142 niestety wyczerpany. Je\u015bli nie zd\u0105\u017cyli Pa\u0144stwo skorzysta\u0107 z oferty \u2014 nic straconego. Ju\u017c wkr\u00f3tce przygotujemy kolejn\u0105 okazj\u0119, kt\u00f3ra pozwoli Pa\u0144stwu korzystnie zainwestowa\u0107 w rozw\u00f3j zespo\u0142u.<\/p>","protected":false},"author":1,"featured_media":0,"parent":0,"menu_order":0,"comment_status":"closed","ping_status":"closed","template":"","meta":{"_acf_changed":false,"footnotes":""},"class_list":["post-9930","page","type-page","status-publish","hentry"],"acf":[],"yoast_head":"<!-- This site is optimized with the Yoast SEO plugin v27.5 - https:\/\/yoast.com\/product\/yoast-seo-wordpress\/ -->\n<title>Promocja zako\u0144czona &#060; Szkolenia i strategie rozwojowe dla klient\u00f3w korporacyjnych od 2006 r.<\/title>\n<meta name=\"robots\" content=\"index, follow, max-snippet:-1, max-image-preview:large, max-video-preview:-1\" \/>\n<link rel=\"canonical\" href=\"https:\/\/inventi.pl\/en\/bf25-promocja-zakonczona\/\" \/>\n<meta property=\"og:locale\" content=\"en_US\" \/>\n<meta property=\"og:type\" content=\"article\" \/>\n<meta property=\"og:title\" content=\"Promocja zako\u0144czona &#060; Szkolenia i strategie rozwojowe dla klient\u00f3w korporacyjnych od 2006 r.\" \/>\n<meta property=\"og:description\" content=\"Dzi\u0119kujemy za zainteresowanie promocj\u0105 Black Friday 1+1 GRATIS. Limit 20 zg\u0142osze\u0144 zosta\u0142 niestety wyczerpany. Je\u015bli nie zd\u0105\u017cyli Pa\u0144stwo skorzysta\u0107 z oferty \u2014 nic straconego. Ju\u017c wkr\u00f3tce przygotujemy kolejn\u0105 okazj\u0119, kt\u00f3ra pozwoli Pa\u0144stwu korzystnie zainwestowa\u0107 w rozw\u00f3j zespo\u0142u.\" \/>\n<meta property=\"og:url\" content=\"https:\/\/inventi.pl\/en\/bf25-promocja-zakonczona\/\" \/>\n<meta property=\"og:site_name\" content=\"Szkolenia i strategie rozwojowe dla klient\u00f3w korporacyjnych od 2006 r.\" \/>\n<meta property=\"article:publisher\" content=\"https:\/\/www.facebook.com\/Inventi.szkolenia\" \/>\n<meta property=\"article:modified_time\" content=\"2025-11-12T15:52:00+00:00\" \/>\n<meta name=\"twitter:card\" content=\"summary_large_image\" \/>\n<meta name=\"twitter:label1\" content=\"Est. reading time\" \/>\n\t<meta name=\"twitter:data1\" content=\"1 minute\" \/>\n<script type=\"application\/ld+json\" class=\"yoast-schema-graph\">{\"@context\":\"https:\\\/\\\/schema.org\",\"@graph\":[{\"@type\":\"WebPage\",\"@id\":\"https:\\\/\\\/inventi.pl\\\/bf25-promocja-zakonczona\\\/\",\"url\":\"https:\\\/\\\/inventi.pl\\\/bf25-promocja-zakonczona\\\/\",\"name\":\"Promocja zako\u0144czona &#060; Szkolenia i strategie rozwojowe dla klient\u00f3w korporacyjnych od 2006 r.\",\"isPartOf\":{\"@id\":\"https:\\\/\\\/inventi.pl\\\/#website\"},\"datePublished\":\"2025-11-12T15:35:44+00:00\",\"dateModified\":\"2025-11-12T15:52:00+00:00\",\"breadcrumb\":{\"@id\":\"https:\\\/\\\/inventi.pl\\\/bf25-promocja-zakonczona\\\/#breadcrumb\"},\"inLanguage\":\"en-US\",\"potentialAction\":[{\"@type\":\"ReadAction\",\"target\":[\"https:\\\/\\\/inventi.pl\\\/bf25-promocja-zakonczona\\\/\"]}]},{\"@type\":\"BreadcrumbList\",\"@id\":\"https:\\\/\\\/inventi.pl\\\/bf25-promocja-zakonczona\\\/#breadcrumb\",\"itemListElement\":[{\"@type\":\"ListItem\",\"position\":1,\"name\":\"Home\",\"item\":\"https:\\\/\\\/inventi.pl\\\/\"},{\"@type\":\"ListItem\",\"position\":2,\"name\":\"Promocja zako\u0144czona\"}]},{\"@type\":\"WebSite\",\"@id\":\"https:\\\/\\\/inventi.pl\\\/#website\",\"url\":\"https:\\\/\\\/inventi.pl\\\/\",\"name\":\"Szkolenia i strategie rozwojowe dla klient\u00f3w korporacyjnych od 2006 r.\",\"description\":\"Szkolenia i strategie rozwojowe dla klient\u00f3w korporacyjnych od 2006 r.\",\"publisher\":{\"@id\":\"https:\\\/\\\/inventi.pl\\\/#organization\"},\"potentialAction\":[{\"@type\":\"SearchAction\",\"target\":{\"@type\":\"EntryPoint\",\"urlTemplate\":\"https:\\\/\\\/inventi.pl\\\/?s={search_term_string}\"},\"query-input\":{\"@type\":\"PropertyValueSpecification\",\"valueRequired\":true,\"valueName\":\"search_term_string\"}}],\"inLanguage\":\"en-US\"},{\"@type\":\"Organization\",\"@id\":\"https:\\\/\\\/inventi.pl\\\/#organization\",\"name\":\"INVENTI Consulting\",\"url\":\"https:\\\/\\\/inventi.pl\\\/\",\"logo\":{\"@type\":\"ImageObject\",\"inLanguage\":\"en-US\",\"@id\":\"https:\\\/\\\/inventi.pl\\\/#\\\/schema\\\/logo\\\/image\\\/\",\"url\":\"https:\\\/\\\/inventi.pl\\\/wp-content\\\/uploads\\\/2017\\\/07\\\/logo.png\",\"contentUrl\":\"https:\\\/\\\/inventi.pl\\\/wp-content\\\/uploads\\\/2017\\\/07\\\/logo.png\",\"width\":1626,\"height\":694,\"caption\":\"INVENTI Consulting\"},\"image\":{\"@id\":\"https:\\\/\\\/inventi.pl\\\/#\\\/schema\\\/logo\\\/image\\\/\"},\"sameAs\":[\"https:\\\/\\\/www.facebook.com\\\/Inventi.szkolenia\",\"https:\\\/\\\/www.linkedin.com\\\/company\\\/inventiconsulting\\\/\"]}]}<\/script>\n<!-- \/ Yoast SEO plugin. -->","yoast_head_json":{"title":"Promocja zako\u0144czona &#060; Szkolenia i strategie rozwojowe dla klient\u00f3w korporacyjnych od 2006 r.","robots":{"index":"index","follow":"follow","max-snippet":"max-snippet:-1","max-image-preview":"max-image-preview:large","max-video-preview":"max-video-preview:-1"},"canonical":"https:\/\/inventi.pl\/en\/bf25-promocja-zakonczona\/","og_locale":"en_US","og_type":"article","og_title":"Promocja zako\u0144czona &#060; Szkolenia i strategie rozwojowe dla klient\u00f3w korporacyjnych od 2006 r.","og_description":"Dzi\u0119kujemy za zainteresowanie promocj\u0105 Black Friday 1+1 GRATIS. Limit 20 zg\u0142osze\u0144 zosta\u0142 niestety wyczerpany. Je\u015bli nie zd\u0105\u017cyli Pa\u0144stwo skorzysta\u0107 z oferty \u2014 nic straconego. Ju\u017c wkr\u00f3tce przygotujemy kolejn\u0105 okazj\u0119, kt\u00f3ra pozwoli Pa\u0144stwu korzystnie zainwestowa\u0107 w rozw\u00f3j zespo\u0142u.","og_url":"https:\/\/inventi.pl\/en\/bf25-promocja-zakonczona\/","og_site_name":"Szkolenia i strategie rozwojowe dla klient\u00f3w korporacyjnych od 2006 r.","article_publisher":"https:\/\/www.facebook.com\/Inventi.szkolenia","article_modified_time":"2025-11-12T15:52:00+00:00","twitter_card":"summary_large_image","twitter_misc":{"Est. reading time":"1 minute"},"schema":{"@context":"https:\/\/schema.org","@graph":[{"@type":"WebPage","@id":"https:\/\/inventi.pl\/bf25-promocja-zakonczona\/","url":"https:\/\/inventi.pl\/bf25-promocja-zakonczona\/","name":"Promocja zako\u0144czona &#060; Szkolenia i strategie rozwojowe dla klient\u00f3w korporacyjnych od 2006 r.","isPartOf":{"@id":"https:\/\/inventi.pl\/#website"},"datePublished":"2025-11-12T15:35:44+00:00","dateModified":"2025-11-12T15:52:00+00:00","breadcrumb":{"@id":"https:\/\/inventi.pl\/bf25-promocja-zakonczona\/#breadcrumb"},"inLanguage":"en-US","potentialAction":[{"@type":"ReadAction","target":["https:\/\/inventi.pl\/bf25-promocja-zakonczona\/"]}]},{"@type":"BreadcrumbList","@id":"https:\/\/inventi.pl\/bf25-promocja-zakonczona\/#breadcrumb","itemListElement":[{"@type":"ListItem","position":1,"name":"Home","item":"https:\/\/inventi.pl\/"},{"@type":"ListItem","position":2,"name":"Promocja zako\u0144czona"}]},{"@type":"WebSite","@id":"https:\/\/inventi.pl\/#website","url":"https:\/\/inventi.pl\/","name":"Szkolenia i strategie rozwojowe dla klient\u00f3w korporacyjnych od 2006 r.","description":"Szkolenia i strategie rozwojowe dla klient\u00f3w korporacyjnych od 2006 r.","publisher":{"@id":"https:\/\/inventi.pl\/#organization"},"potentialAction":[{"@type":"SearchAction","target":{"@type":"EntryPoint","urlTemplate":"https:\/\/inventi.pl\/?s={search_term_string}"},"query-input":{"@type":"PropertyValueSpecification","valueRequired":true,"valueName":"search_term_string"}}],"inLanguage":"en-US"},{"@type":"Organization","@id":"https:\/\/inventi.pl\/#organization","name":"INVENTI Consulting","url":"https:\/\/inventi.pl\/","logo":{"@type":"ImageObject","inLanguage":"en-US","@id":"https:\/\/inventi.pl\/#\/schema\/logo\/image\/","url":"https:\/\/inventi.pl\/wp-content\/uploads\/2017\/07\/logo.png","contentUrl":"https:\/\/inventi.pl\/wp-content\/uploads\/2017\/07\/logo.png","width":1626,"height":694,"caption":"INVENTI Consulting"},"image":{"@id":"https:\/\/inventi.pl\/#\/schema\/logo\/image\/"},"sameAs":["https:\/\/www.facebook.com\/Inventi.szkolenia","https:\/\/www.linkedin.com\/company\/inventiconsulting\/"]}]}},"_links":{"self":[{"href":"https:\/\/inventi.pl\/en\/wp-json\/wp\/v2\/pages\/9930","targetHints":{"allow":["GET"]}}],"collection":[{"href":"https:\/\/inventi.pl\/en\/wp-json\/wp\/v2\/pages"}],"about":[{"href":"https:\/\/inventi.pl\/en\/wp-json\/wp\/v2\/types\/page"}],"author":[{"embeddable":true,"href":"https:\/\/inventi.pl\/en\/wp-json\/wp\/v2\/users\/1"}],"replies":[{"embeddable":true,"href":"https:\/\/inventi.pl\/en\/wp-json\/wp\/v2\/comments?post=9930"}],"version-history":[{"count":7,"href":"https:\/\/inventi.pl\/en\/wp-json\/wp\/v2\/pages\/9930\/revisions"}],"predecessor-version":[{"id":9950,"href":"https:\/\/inventi.pl\/en\/wp-json\/wp\/v2\/pages\/9930\/revisions\/9950"}],"wp:attachment":[{"href":"https:\/\/inventi.pl\/en\/wp-json\/wp\/v2\/media?parent=9930"}],"curies":[{"name":"wp","href":"https:\/\/api.w.org\/{rel}","templated":true}]}}